{"id":75,"date":"2022-01-07T14:09:33","date_gmt":"2022-01-07T14:09:33","guid":{"rendered":"https:\/\/humppilantaksi.fi\/etusivu\/?page_id=75"},"modified":"2024-04-07T08:44:59","modified_gmt":"2024-04-07T08:44:59","slug":"hinnasto-2","status":"publish","type":"page","link":"https:\/\/humppilantaksi.fi\/etusivu\/?page_id=75","title":{"rendered":"Hinnasto"},"content":{"rendered":"\n<p><strong>KULUTTAJA-ASIAKKAAN ENIMM\u00c4ISHINNAT:<\/strong><\/p>\n\n\n\n<p><strong>1-4 henkil\u00f6\u00e4:<\/strong><\/p>\n\n\n\n<p>Ma-la klo 06-18 l\u00e4ht\u00f6maksu 6,90 \u20ac + 1,19 \u20ac\/km + 0,99 \u20ac\/min<\/p>\n\n\n\n<p>Su ja pyhin\u00e4 klo 06-18 l\u00e4ht\u00f6maksu 8,90 \u20ac + 1,19 \u20ac\/km + 0,99 \u20ac\/min  <\/p>\n\n\n\n<p>Su ja pyhin\u00e4 lis\u00e4maksu 10 \u20ac<\/p>\n\n\n\n<p>Joka p\u00e4iv\u00e4 klo 18-06 l\u00e4ht\u00f6maksu 8,90 \u20ac + 1,19 \u20ac\/km + 0,99 \u20ac\/min<\/p>\n\n\n\n<p><\/p>\n\n\n\n<p><strong>Ennakkotilausmaksu: 6,90 \u20ac<\/strong>, kun kuljetus on tilattu v\u00e4hint\u00e4\u00e4n tuntia ennen asiakkaan ilmoittamaa l\u00e4ht\u00f6aikaa. (Ennakkotilaukset tulee tilata klo 06-22 v\u00e4lisen\u00e4 aikana.)<br><strong>Isot esineet\/lemmikkiel\u00e4imet:<\/strong> 2,90 \u20ac (erikoismatkatavarat mm. sukset, televisiot tms. Lis\u00e4maksua ei perit\u00e4 opaskoirasta)<br><strong>Lastenistuinlis\u00e4: 9,90 \u20ac<\/strong> mik\u00e4li kuljetus vaatii auton omaa lastenistuinta<br><strong>Infektiolis\u00e4: 14,90 \u20ac<\/strong> mik\u00e4li kuljetettava sairastaa tarttuvaa tautia<br>Hinnat sis\u00e4lt\u00e4v\u00e4t alv 10%. <\/p>\n","protected":false},"excerpt":{"rendered":"<p>KULUTTAJA-ASIAKKAAN ENIMM\u00c4ISHINNAT: 1-4 henkil\u00f6\u00e4: Ma-la klo 06-18 l\u00e4ht\u00f6maksu 6,90 \u20ac + 1,19 \u20ac\/km + 0,99 \u20ac\/min Su ja pyhin\u00e4 klo 06-18 l\u00e4ht\u00f6maksu 8,90 \u20ac + 1,19 \u20ac\/km + 0,99 \u20ac\/min Su ja pyhin\u00e4 lis\u00e4maksu 10 \u20ac Joka p\u00e4iv\u00e4 klo 18-06 l\u00e4ht\u00f6maksu 8,90 \u20ac + 1,19 \u20ac\/km + 0,99 \u20ac\/min Ennakkotilausmaksu: 6,90 \u20ac, kun kuljetus on &hellip; <\/p>\n<p class=\"link-more\"><a href=\"https:\/\/humppilantaksi.fi\/etusivu\/?page_id=75\" class=\"more-link\">Jatka lukemista<span class=\"screen-reader-text\"> &#8221;Hinnasto&#8221;<\/span><\/a><\/p>\n","protected":false},"author":1,"featured_media":0,"parent":0,"menu_order":0,"comment_status":"closed","ping_status":"closed","template":"","meta":{"_regular_price":[],"currency_symbol":[],"footnotes":""},"class_list":["post-75","page","type-page","status-publish","hentry"],"post_slider_layout_featured_media_urls":{"thumbnail":"","post_slider_layout_landscape_large":"","post_slider_layout_portrait_large":"","post_slider_layout_square_large":"","post_slider_layout_landscape":"","post_slider_layout_portrait":"","post_slider_layout_square":"","full":""},"_links":{"self":[{"href":"https:\/\/humppilantaksi.fi\/etusivu\/index.php?rest_route=\/wp\/v2\/pages\/75","targetHints":{"allow":["GET"]}}],"collection":[{"href":"https:\/\/humppilantaksi.fi\/etusivu\/index.php?rest_route=\/wp\/v2\/pages"}],"about":[{"href":"https:\/\/humppilantaksi.fi\/etusivu\/index.php?rest_route=\/wp\/v2\/types\/page"}],"author":[{"embeddable":true,"href":"https:\/\/humppilantaksi.fi\/etusivu\/index.php?rest_route=\/wp\/v2\/users\/1"}],"replies":[{"embeddable":true,"href":"https:\/\/humppilantaksi.fi\/etusivu\/index.php?rest_route=%2Fwp%2Fv2%2Fcomments&post=75"}],"version-history":[{"count":6,"href":"https:\/\/humppilantaksi.fi\/etusivu\/index.php?rest_route=\/wp\/v2\/pages\/75\/revisions"}],"predecessor-version":[{"id":153,"href":"https:\/\/humppilantaksi.fi\/etusivu\/index.php?rest_route=\/wp\/v2\/pages\/75\/revisions\/153"}],"wp:attachment":[{"href":"https:\/\/humppilantaksi.fi\/etusivu\/index.php?rest_route=%2Fwp%2Fv2%2Fmedia&parent=75"}],"curies":[{"name":"wp","href":"https:\/\/api.w.org\/{rel}","templated":true}]}}