{"id":111,"date":"2022-01-08T11:13:20","date_gmt":"2022-01-08T11:13:20","guid":{"rendered":"https:\/\/humppilantaksi.fi\/etusivu\/?page_id=111"},"modified":"2022-01-08T11:13:20","modified_gmt":"2022-01-08T11:13:20","slug":"humppilan-taksi","status":"publish","type":"page","link":"https:\/\/humppilantaksi.fi\/etusivu\/?page_id=111","title":{"rendered":"Humppilan Taksi"},"content":{"rendered":"\n<p><a href=\"https:\/\/www.facebook.com\/humppilantaxi\"><strong>Humppilan Taksi<\/strong><\/a>&nbsp;<\/p>\n\n\n\n<p>on humppilalainen taksiyritys, jolla t\u00e4ll\u00e4 hetkell\u00e4 on ajossa&nbsp;<\/p>\n\n\n\n<p>kuvan mukainen 1+6 paikkainen matalalattia henkil\u00f6auto,&nbsp;<\/p>\n\n\n\n<p>py\u00f6r\u00e4tuolivarustuksella.&nbsp;<\/p>\n\n\n\n<p>P\u00e4\u00e4toiminta-alue on Kanta-H\u00e4me, Pirkanmaa ja Varsinais-Suomi<\/p>\n\n\n\n<p>Muu toiminta-alue: koko Suomi<\/p>\n\n\n\n<p><strong>Kysy kyytitarjousta:<\/strong><\/p>\n\n\n\n<ul class=\"wp-block-list\"><li>Lentokentt\u00e4kuljetuksista<\/li><li>Satamakuljetuksista<\/li><li>muista ryhm\u00e4kuljetuksista<\/li><li>pientavara ja -pakettikuljetuksista<\/li><\/ul>\n\n\n\n<p><strong>Ajamme<\/strong><\/p>\n\n\n\n<ul class=\"wp-block-list\"><li>Kela-kuljetukset<\/li><li>Vakiotaksikuljetukset<\/li><li>Sopimuskuljetukset<\/li><li>Yrityskuljetukset<\/li><li>Laskutuaasiakkat<\/li><li>muut kuljetukset<\/li><\/ul>\n\n\n\n<p>Taksipalveluita l\u00e4helle ja kauas,&nbsp;<\/p>\n\n\n\n<p>ammattitaidolla, palvelua ovelta ovelle.<\/p>\n\n\n\n<p>Humppilan Taksi<\/p>\n","protected":false},"excerpt":{"rendered":"<p>Humppilan Taksi&nbsp; on humppilalainen taksiyritys, jolla t\u00e4ll\u00e4 hetkell\u00e4 on ajossa&nbsp; kuvan mukainen 1+6 paikkainen matalalattia henkil\u00f6auto,&nbsp; py\u00f6r\u00e4tuolivarustuksella.&nbsp; P\u00e4\u00e4toiminta-alue on Kanta-H\u00e4me, Pirkanmaa ja Varsinais-Suomi Muu toiminta-alue: koko Suomi Kysy kyytitarjousta: Lentokentt\u00e4kuljetuksista Satamakuljetuksista muista ryhm\u00e4kuljetuksista pientavara ja -pakettikuljetuksista Ajamme Kela-kuljetukset Vakiotaksikuljetukset Sopimuskuljetukset Yrityskuljetukset Laskutuaasiakkat muut kuljetukset Taksipalveluita l\u00e4helle ja kauas,&nbsp; ammattitaidolla, palvelua ovelta ovelle. Humppilan Taksi<\/p>\n","protected":false},"author":1,"featured_media":0,"parent":0,"menu_order":0,"comment_status":"closed","ping_status":"closed","template":"","meta":{"_regular_price":[],"currency_symbol":[],"footnotes":""},"class_list":["post-111","page","type-page","status-publish","hentry"],"post_slider_layout_featured_media_urls":{"thumbnail":"","post_slider_layout_landscape_large":"","post_slider_layout_portrait_large":"","post_slider_layout_square_large":"","post_slider_layout_landscape":"","post_slider_layout_portrait":"","post_slider_layout_square":"","full":""},"_links":{"self":[{"href":"https:\/\/humppilantaksi.fi\/etusivu\/index.php?rest_route=\/wp\/v2\/pages\/111","targetHints":{"allow":["GET"]}}],"collection":[{"href":"https:\/\/humppilantaksi.fi\/etusivu\/index.php?rest_route=\/wp\/v2\/pages"}],"about":[{"href":"https:\/\/humppilantaksi.fi\/etusivu\/index.php?rest_route=\/wp\/v2\/types\/page"}],"author":[{"embeddable":true,"href":"https:\/\/humppilantaksi.fi\/etusivu\/index.php?rest_route=\/wp\/v2\/users\/1"}],"replies":[{"embeddable":true,"href":"https:\/\/humppilantaksi.fi\/etusivu\/index.php?rest_route=%2Fwp%2Fv2%2Fcomments&post=111"}],"version-history":[{"count":1,"href":"https:\/\/humppilantaksi.fi\/etusivu\/index.php?rest_route=\/wp\/v2\/pages\/111\/revisions"}],"predecessor-version":[{"id":112,"href":"https:\/\/humppilantaksi.fi\/etusivu\/index.php?rest_route=\/wp\/v2\/pages\/111\/revisions\/112"}],"wp:attachment":[{"href":"https:\/\/humppilantaksi.fi\/etusivu\/index.php?rest_route=%2Fwp%2Fv2%2Fmedia&parent=111"}],"curies":[{"name":"wp","href":"https:\/\/api.w.org\/{rel}","templated":true}]}}